{"id":18,"date":"2026-04-13T18:59:54","date_gmt":"2026-04-13T18:59:54","guid":{"rendered":"https:\/\/diwalcr.com\/?page_id=18"},"modified":"2026-04-14T21:38:38","modified_gmt":"2026-04-14T21:38:38","slug":"contactenos","status":"publish","type":"page","link":"https:\/\/diwalcr.com\/?page_id=18","title":{"rendered":"Cont\u00e1ctenos"},"content":{"rendered":"<h3 data-start=\"74\" data-end=\"123\">\ud83d\udcde <strong data-start=\"77\" data-end=\"121\">Contacto \u2013 DiwalCR Agencia de Publicidad<\/strong><\/h3>\n<p data-start=\"125\" data-end=\"204\">\u00bfListo para llevar tu marca al siguiente nivel? \ud83d\ude80<br data-start=\"175\" data-end=\"178\" \/>Estamos para ayudarte \ud83d\udcaf<\/p>\n<p data-start=\"206\" data-end=\"301\">\ud83d\udce7 Correo: <a class=\"decorated-link cursor-pointer\" rel=\"noopener\" data-start=\"217\" data-end=\"233\">info@diwalcr.com<\/a><br data-start=\"233\" data-end=\"236\" \/>\ud83d\udcf2 WhatsApp: (agrega tu n\u00famero aqu\u00ed)<br data-start=\"272\" data-end=\"275\" \/>\ud83d\udccd Ubicaci\u00f3n: Residencial Montelimar, Gu\u00e1piles, Pococ\u00ed.<\/p>\n<p data-start=\"303\" data-end=\"373\">\ud83d\udca1 Escr\u00edbenos y empecemos a trabajar en el crecimiento de tu negocio<\/p>\n<p><iframe loading=\"lazy\" style=\"border: 0;\" src=\"https:\/\/www.google.com\/maps\/embed?pb=!1m18!1m12!1m3!1d4872.07869153565!2d-83.7927885!3d10.238003599999999!2m3!1f0!2f0!3f0!3m2!1i1024!2i768!4f13.1!3m3!1m2!1s0x8fa0b96bbc843f81%3A0xe21a7be3d8417637!2sDiwalCR%20Agencia%20de%20Publicidad%20en%20Gu%C3%A1piles%2C%20Lim%C3%B3n%2C%20Costa%20Rica!5e1!3m2!1ses!2scr!4v1776191872548!5m2!1ses!2scr\" width=\"600\" height=\"450\" allowfullscreen=\"allowfullscreen\"><\/iframe><\/p>\n","protected":false},"excerpt":{"rendered":"<p>\ud83d\udcde Contacto \u2013 DiwalCR Agencia de Publicidad \u00bfListo para llevar tu marca al siguiente nivel? \ud83d\ude80Estamos para ayudarte \ud83d\udcaf \ud83d\udce7 Correo: info@diwalcr.com\ud83d\udcf2 WhatsApp: (agrega tu n\u00famero aqu\u00ed)\ud83d\udccd Ubicaci\u00f3n: Residencial Montelimar,&hellip;<\/p>\n","protected":false},"author":1,"featured_media":0,"parent":0,"menu_order":0,"comment_status":"closed","ping_status":"closed","template":"","meta":{"_joinchat":[],"footnotes":""},"class_list":["post-18","page","type-page","status-publish","hentry"],"_links":{"self":[{"href":"https:\/\/diwalcr.com\/index.php?rest_route=\/wp\/v2\/pages\/18","targetHints":{"allow":["GET"]}}],"collection":[{"href":"https:\/\/diwalcr.com\/index.php?rest_route=\/wp\/v2\/pages"}],"about":[{"href":"https:\/\/diwalcr.com\/index.php?rest_route=\/wp\/v2\/types\/page"}],"author":[{"embeddable":true,"href":"https:\/\/diwalcr.com\/index.php?rest_route=\/wp\/v2\/users\/1"}],"replies":[{"embeddable":true,"href":"https:\/\/diwalcr.com\/index.php?rest_route=%2Fwp%2Fv2%2Fcomments&post=18"}],"version-history":[{"count":5,"href":"https:\/\/diwalcr.com\/index.php?rest_route=\/wp\/v2\/pages\/18\/revisions"}],"predecessor-version":[{"id":450,"href":"https:\/\/diwalcr.com\/index.php?rest_route=\/wp\/v2\/pages\/18\/revisions\/450"}],"wp:attachment":[{"href":"https:\/\/diwalcr.com\/index.php?rest_route=%2Fwp%2Fv2%2Fmedia&parent=18"}],"curies":[{"name":"wp","href":"https:\/\/api.w.org\/{rel}","templated":true}]}}