{"id":10,"date":"2026-04-13T18:59:15","date_gmt":"2026-04-13T18:59:15","guid":{"rendered":"https:\/\/diwalcr.com\/?page_id=10"},"modified":"2026-04-14T03:25:11","modified_gmt":"2026-04-14T03:25:11","slug":"empresa","status":"publish","type":"page","link":"https:\/\/diwalcr.com\/?page_id=10","title":{"rendered":"Empresa"},"content":{"rendered":"<p>Somos DiwalCR Agencia de Publicidad una empresa creativa ubicada en Costa Rica, especializada en soluciones integrales de marketing, dise\u00f1o gr\u00e1fico y producci\u00f3n audiovisual. Nos enfocamos en ayudar a marcas, emprendimientos y empresas a crecer, destacar y conectar con su p\u00fablico a trav\u00e9s de estrategias modernas y efectivas.<\/p>\n<p>\ud83d\ude80<strong> \u00bfQui\u00e9nes somos?<\/strong><\/p>\n<p>Somos un equipo apasionado por la creatividad y la innovaci\u00f3n. En DiwalCR combinamos dise\u00f1o, tecnolog\u00eda y estrategia para desarrollar proyectos que no solo se ven bien, sino que generan resultados reales.<\/p>\n<p>Trabajamos de la mano con nuestros clientes para entender sus necesidades y convertir sus ideas en soluciones visuales y digitales de alto impacto.<\/p>\n<p><strong>\ud83c\udfaf Nuestra misi\u00f3n<\/strong><\/p>\n<p>Impulsar el crecimiento de nuestros clientes mediante estrategias publicitarias creativas, contenido visual de calidad y herramientas digitales que generen posicionamiento, confianza y ventas.<\/p>\n<p>\ud83d\udc41\ufe0f <strong>Nuestra visi\u00f3n<\/strong><\/p>\n<p>Ser una agencia de publicidad l\u00edder en Costa Rica, reconocida por su innovaci\u00f3n, calidad de servicio y resultados comprobados en el desarrollo de marcas.<\/p>\n<p>\ud83d\udcbc <strong>\u00bfQu\u00e9 hacemos?<\/strong><\/p>\n<p><strong>En DiwalCR ofrecemos servicios como:<\/strong><\/p>\n<p>Dise\u00f1o gr\u00e1fico profesional<br \/>\nCreaci\u00f3n de paginas web<br \/>\nManejo de redes sociales<br \/>\nProducci\u00f3n de contenido audiovisual<br \/>\nFotograf\u00eda y tomas a\u00e9reas con dron<br \/>\nDesarrollo de p\u00e1ginas web<br \/>\nBranding e identidad corporativa<br \/>\nPublicidad digital<\/p>\n<p>\ud83d\udca1<strong> \u00bfPor qu\u00e9 elegirnos?<\/strong><\/p>\n<p>\u2714 Enfoque en resultados reales<br \/>\n\u2714 Atenci\u00f3n personalizada<br \/>\n\u2714 Creatividad estrat\u00e9gica<br \/>\n\u2714 Soluciones adaptadas a cada cliente<br \/>\n\u2714 Compromiso con la calidad<\/p>\n<p>\ud83d\udccd<strong> Cobertura<\/strong><\/p>\n<p>Trabajamos en toda Costa Rica, brindando soluciones tanto presenciales como digitales para empresas de diferentes sectores.<\/p>\n<p>\ud83d\udcf2 <strong>Cont\u00e1ctenos<\/strong><\/p>\n<p>Transforme su marca con nosotros. En DiwalCR estamos listos para llevar su negocio al siguiente nivel.<\/p>\n","protected":false},"excerpt":{"rendered":"<p>Somos DiwalCR Agencia de Publicidad una empresa creativa ubicada en Costa Rica, especializada en soluciones integrales de marketing, dise\u00f1o gr\u00e1fico y producci\u00f3n audiovisual. Nos enfocamos en ayudar a marcas, emprendimientos&hellip;<\/p>\n","protected":false},"author":1,"featured_media":0,"parent":0,"menu_order":0,"comment_status":"closed","ping_status":"closed","template":"","meta":{"_joinchat":[],"footnotes":""},"class_list":["post-10","page","type-page","status-publish","hentry"],"_links":{"self":[{"href":"https:\/\/diwalcr.com\/index.php?rest_route=\/wp\/v2\/pages\/10","targetHints":{"allow":["GET"]}}],"collection":[{"href":"https:\/\/diwalcr.com\/index.php?rest_route=\/wp\/v2\/pages"}],"about":[{"href":"https:\/\/diwalcr.com\/index.php?rest_route=\/wp\/v2\/types\/page"}],"author":[{"embeddable":true,"href":"https:\/\/diwalcr.com\/index.php?rest_route=\/wp\/v2\/users\/1"}],"replies":[{"embeddable":true,"href":"https:\/\/diwalcr.com\/index.php?rest_route=%2Fwp%2Fv2%2Fcomments&post=10"}],"version-history":[{"count":5,"href":"https:\/\/diwalcr.com\/index.php?rest_route=\/wp\/v2\/pages\/10\/revisions"}],"predecessor-version":[{"id":218,"href":"https:\/\/diwalcr.com\/index.php?rest_route=\/wp\/v2\/pages\/10\/revisions\/218"}],"wp:attachment":[{"href":"https:\/\/diwalcr.com\/index.php?rest_route=%2Fwp%2Fv2%2Fmedia&parent=10"}],"curies":[{"name":"wp","href":"https:\/\/api.w.org\/{rel}","templated":true}]}}